{"id":19,"date":"2024-03-23T12:26:55","date_gmt":"2024-03-23T12:26:55","guid":{"rendered":"https:\/\/hu.gwrnano.hu\/?page_id=19"},"modified":"2024-04-18T13:26:55","modified_gmt":"2024-04-18T13:26:55","slug":"laboratory","status":"publish","type":"page","link":"https:\/\/hu.gwrnano.hu\/index.php\/laboratory\/","title":{"rendered":"LABORATORY"},"content":{"rendered":"<p>[et_pb_section fb_built=&#8221;1&#8243; _builder_version=&#8221;4.24.2&#8243; _module_preset=&#8221;default&#8221; use_background_color_gradient=&#8221;on&#8221; background_color_gradient_direction=&#8221;90deg&#8221; background_color_gradient_stops=&#8221;#149fda 0%|#0b2349 100%&#8221; custom_padding=&#8221;||30px|||&#8221; global_colors_info=&#8221;{}&#8221;][et_pb_row _builder_version=&#8221;4.24.2&#8243; _module_preset=&#8221;default&#8221; background_color=&#8221;#e7e7e6&#8243; width=&#8221;75%&#8221; max_width=&#8221;80%&#8221; custom_padding=&#8221;0px||||false|false&#8221; global_colors_info=&#8221;{}&#8221;][et_pb_column type=&#8221;4_4&#8243; _builder_version=&#8221;4.24.2&#8243; _module_preset=&#8221;default&#8221; global_colors_info=&#8221;{}&#8221;][et_pb_image src=&#8221;https:\/\/hu.gwrnano.hu\/wp-content\/uploads\/2024\/03\/windt-technologies-hero-header-2048&#215;537-1.jpg&#8221; title_text=&#8221;windt-technologies-hero-header-2048&#215;537&#8243; _builder_version=&#8221;4.24.2&#8243; _module_preset=&#8221;default&#8221; global_colors_info=&#8221;{}&#8221;][\/et_pb_image][et_pb_text _builder_version=&#8221;4.24.2&#8243; _module_preset=&#8221;default&#8221; header_font=&#8221;Montserrat|700|||||||&#8221; header_text_color=&#8221;#149eda&#8221; header_font_size=&#8221;35px&#8221; background_color=&#8221;#e7e7e6&#8243; custom_margin=&#8221;-39px||||false|false&#8221; custom_padding=&#8221;32px||15px|35px|false|false&#8221; global_colors_info=&#8221;{}&#8221;]<\/p>\n<h1>LABORATORY<\/h1>\n<p>[\/et_pb_text][et_pb_text _builder_version=&#8221;4.24.2&#8243; _module_preset=&#8221;default&#8221; text_font=&#8221;Montserrat|700|||||||&#8221; text_text_color=&#8221;#0b244a&#8221; text_font_size=&#8221;17px&#8221; text_line_height=&#8221;1.5em&#8221; background_color=&#8221;#e7e7e6&#8243; custom_margin=&#8221;-50px||||false|false&#8221; custom_padding=&#8221;23px|28px|33px|35px|false|false&#8221; global_colors_info=&#8221;{}&#8221;]<\/p>\n<p>A GWR vezet\u0151 szerepl\u0151je a nanotechnol\u00f3giai fejleszt\u00e9seknek. A kutat\u00e1si \u00e9s fejleszt\u00e9si r\u00e9szleg folyamatosan dolgozik az alap technol\u00f3gia speci\u00e1lis kiterjeszt\u00e9s\u00e9n. A kutat\u00e1si k\u00f6zpont Budapesten tal\u00e1lhat\u00f3. A kutat\u00e1sok k\u00f6z\u00e9ppontj\u00e1ban az alapanyag speci\u00e1lis jellemz\u0151kkel val\u00f3 kieg\u00e9sz\u00edt\u00e9se \u00e1ll.<\/p>\n<p>[\/et_pb_text][\/et_pb_column][\/et_pb_row][\/et_pb_section][et_pb_section fb_built=&#8221;1&#8243; _builder_version=&#8221;4.24.2&#8243; _module_preset=&#8221;default&#8221; background_color=&#8221;#e7e7e6&#8243; custom_padding=&#8221;5px||2px|||&#8221; global_colors_info=&#8221;{}&#8221;][et_pb_row _builder_version=&#8221;4.24.2&#8243; _module_preset=&#8221;default&#8221; global_colors_info=&#8221;{}&#8221;][et_pb_column type=&#8221;4_4&#8243; _builder_version=&#8221;4.24.2&#8243; _module_preset=&#8221;default&#8221; global_colors_info=&#8221;{}&#8221;][et_pb_text _builder_version=&#8221;4.24.2&#8243; _module_preset=&#8221;default&#8221; header_font=&#8221;Montserrat|700|||||||&#8221; header_text_color=&#8221;#149eda&#8221; header_font_size=&#8221;35px&#8221; background_color=&#8221;#e7e7e6&#8243; global_colors_info=&#8221;{}&#8221;]<\/p>\n<h1>AKTU\u00c1LIS KUTAT\u00c1S\/FEJLESZT\u00c9S<\/h1>\n<p>[\/et_pb_text][et_pb_text _builder_version=&#8221;4.24.2&#8243; _module_preset=&#8221;default&#8221; header_font=&#8221;Montserrat|700|||||||&#8221; header_text_color=&#8221;#149eda&#8221; header_font_size=&#8221;35px&#8221; background_color=&#8221;#e7e7e6&#8243; global_colors_info=&#8221;{}&#8221;]<\/p>\n<h1>KONT\u00c9NER TESZTEL\u00c9S<\/h1>\n<p>[\/et_pb_text][et_pb_divider color=&#8221;#149fda&#8221; divider_weight=&#8221;7px&#8221; _builder_version=&#8221;4.24.2&#8243; _module_preset=&#8221;default&#8221; width=&#8221;25%&#8221; custom_margin=&#8221;-18px||0px||false|false&#8221; global_colors_info=&#8221;{}&#8221;][\/et_pb_divider][et_pb_text _builder_version=&#8221;4.24.2&#8243; _module_preset=&#8221;default&#8221; text_font=&#8221;Montserrat||||||||&#8221; text_text_color=&#8221;#0b2349&#8243; text_font_size=&#8221;18px&#8221; text_line_height=&#8221;1.4em&#8221; global_colors_info=&#8221;{}&#8221;]<\/p>\n<p>A jelenleg zajl\u00f3 fejleszt\u00e9sek k\u00f6z\u00fcl a legfontosabb a GWR h\u0151szigetel\u0151 k\u00e9pess\u00e9g\u00e9nek prec\u00edzi\u00f3s tesztekkel t\u00f6rt\u00e9n\u0151 \u00fajb\u00f3li fel\u00fclvizsg\u00e1lata, meger\u0151s\u00edt\u00e9se, az ehhez sz\u00fcks\u00e9ges alap tesztel\u00e9sek menedzsel\u00e9se, a hagyom\u00e1nyos anyagokhoz k\u00e9pest stabilan \u00e9s egy\u00e9rtelm\u0171en kimutathat\u00f3 el\u0151ny\u00f6k hiteles\u00edt\u00e9se.<\/p>\n<p>&nbsp;<\/p>\n<p>[\/et_pb_text][et_pb_video src=&#8221;https:\/\/vimeo.com\/546472418&#8243; _builder_version=&#8221;4.24.2&#8243; _module_preset=&#8221;default&#8221; global_colors_info=&#8221;{}&#8221;][\/et_pb_video][\/et_pb_column][\/et_pb_row][\/et_pb_section][et_pb_section fb_built=&#8221;1&#8243; _builder_version=&#8221;4.24.2&#8243; _module_preset=&#8221;default&#8221; custom_padding=&#8221;0px||16px|||&#8221; global_colors_info=&#8221;{}&#8221;][et_pb_row _builder_version=&#8221;4.24.2&#8243; _module_preset=&#8221;default&#8221; global_colors_info=&#8221;{}&#8221;][et_pb_column type=&#8221;4_4&#8243; _builder_version=&#8221;4.24.2&#8243; _module_preset=&#8221;default&#8221; global_colors_info=&#8221;{}&#8221;][et_pb_text _builder_version=&#8221;4.24.2&#8243; _module_preset=&#8221;default&#8221; header_font=&#8221;Montserrat|700|||||||&#8221; header_text_color=&#8221;#149eda&#8221; header_font_size=&#8221;35px&#8221; background_color=&#8221;#FFFFFF&#8221; global_colors_info=&#8221;{}&#8221;]<\/p>\n<h1>A K\u00cdS\u00c9RLET LE\u00cdR\u00c1SA<\/h1>\n<p>[\/et_pb_text][et_pb_divider color=&#8221;#149fda&#8221; divider_weight=&#8221;7px&#8221; _builder_version=&#8221;4.24.2&#8243; _module_preset=&#8221;default&#8221; width=&#8221;25%&#8221; custom_margin=&#8221;-18px||0px||false|false&#8221; global_colors_info=&#8221;{}&#8221;][\/et_pb_divider][et_pb_text _builder_version=&#8221;4.24.2&#8243; _module_preset=&#8221;default&#8221; text_font=&#8221;Montserrat||||||||&#8221; text_text_color=&#8221;#0b2349&#8243; text_font_size=&#8221;16px&#8221; text_line_height=&#8221;1.9em&#8221; hover_enabled=&#8221;0&#8243; global_colors_info=&#8221;{}&#8221; sticky_enabled=&#8221;0&#8243;]<\/p>\n<div class=\"wpb_text_column wpb_content_element \">\n<div class=\"wpb_wrapper\">\n<p>A k\u00eds\u00e9rlet c\u00e9lja egy hiteles \u00e9s kimutathat\u00f3 eredm\u00e9ny bemutat\u00e1sa a GWR h\u0151szigetel\u0151 k\u00e9pess\u00e9g\u00e9r\u0151l, melynek sor\u00e1n k\u00e9t teljesen egyforma sz\u00e1ll\u00edt\u00f3kont\u00e9neren szinkronban v\u00e9geznek m\u00e9r\u00e9seket a szakemberek \u00fagy, hogy az egyik kont\u00e9ner 1 mm vastagon ker\u00fcl szigetel\u00e9sre a RWR-rel, m\u00edg a m\u00e1sik kont\u00e9ner eredetim, nyers \u00e1llapot\u00e1ban marad. A folyamat az egyik kont\u00e9ner szigetel\u00e9s\u00e9vel kezd\u0151dik, majd a sz\u00e1rad\u00e1si id\u0151 letelte ut\u00e1n megkezd\u0151dnek a tesztel\u00e9s hiteles\u00edt\u00e9s\u00e9hez sz\u00fcks\u00e9ges m\u00e9r\u00e9sek.<\/p>\n<p>1. l\u00e9p\u00e9s: K\u00fcls\u0151 \u00e9s bels\u0151 h\u0151m\u00e9rs\u00e9klet r\u00f6gz\u00edt\u00e9se, melyet \u00f6sszehasonl\u00edt\u00f3 statisztik\u00e1val mutatunk be<br \/>2. l\u00e9p\u00e9s: Mindk\u00e9t kont\u00e9nerben elhelyez\u00e9sre ker\u00fcl egy-egy azonos teljes\u00edtm\u00e9ny\u0171 l\u00e9gkondicion\u00e1l\u00f3 berendez\u00e9s, amelyek azonos h\u0151m\u00e9rs\u00e9kleten tartj\u00e1k a bels\u0151 l\u00e9gtereket.<br \/>3. l\u00e9p\u00e9s: Az ehhez sz\u00fcks\u00e9ges energiafelhaszn\u00e1l\u00e1st egy akredit\u00e1lt m\u00e9r\u0151m\u0171szer seg\u00edts\u00e9g\u00e9vel r\u00f6gz\u00edtj\u00fck, mjad az \u00edgy kapott adatokat \u00f6sszehasonl\u00edtjuk.<\/p>\n<\/div>\n<\/div>\n<p>[\/et_pb_text][et_pb_text _builder_version=&#8221;4.24.2&#8243; _module_preset=&#8221;default&#8221; header_font=&#8221;Montserrat|700|||||||&#8221; header_text_color=&#8221;#149eda&#8221; header_font_size=&#8221;35px&#8221; background_color=&#8221;#FFFFFF&#8221; global_colors_info=&#8221;{}&#8221;]<\/p>\n<h1>A K\u00cdS\u00c9RLET ID\u0150TARTAMA \u00c9S AZ EREDM\u00c9NYEK<\/h1>\n<p>[\/et_pb_text][et_pb_divider color=&#8221;#149fda&#8221; divider_weight=&#8221;7px&#8221; _builder_version=&#8221;4.24.2&#8243; _module_preset=&#8221;default&#8221; width=&#8221;25%&#8221; custom_margin=&#8221;-18px||0px||false|false&#8221; locked=&#8221;off&#8221; global_colors_info=&#8221;{}&#8221;][\/et_pb_divider][et_pb_text _builder_version=&#8221;4.24.2&#8243; _module_preset=&#8221;default&#8221; text_font=&#8221;Montserrat||||||||&#8221; text_text_color=&#8221;#0b2349&#8243; text_font_size=&#8221;18px&#8221; text_line_height=&#8221;1.4em&#8221; global_colors_info=&#8221;{}&#8221;]<\/p>\n<p>A k\u00eds\u00e9rlet 365 napig tart, az eredm\u00e9nyek folyamatosan r\u00f6gz\u00edt\u00e9sre ker\u00fclnek, majd m\u00e9rn\u00f6ki hiteles\u00edt\u00e9si fel\u00fcgyelet alatt ker\u00fcl meghat\u00e1roz\u00e1sra a v\u00e9gs\u0151 eredm\u00e9ny. Az eredm\u00e9ny pedig onnant\u00f3l kezdve a GWR hivatalos mutat\u00f3sz\u00e1mak\u00e9nt jelenik meg.<\/p>\n<p>[\/et_pb_text][et_pb_image src=&#8221;https:\/\/hu.gwrnano.hu\/wp-content\/uploads\/2024\/03\/GWR_abra_EN-2048&#215;2048-1.jpg&#8221; title_text=&#8221;GWR_abra_EN-2048&#215;2048&#8243; _builder_version=&#8221;4.24.2&#8243; _module_preset=&#8221;default&#8221; global_colors_info=&#8221;{}&#8221;][\/et_pb_image][\/et_pb_column][\/et_pb_row][\/et_pb_section]<\/p>\n","protected":false},"excerpt":{"rendered":"<p>LABORATORYA GWR vezet\u0151 szerepl\u0151je a nanotechnol\u00f3giai fejleszt\u00e9seknek. A kutat\u00e1si \u00e9s fejleszt\u00e9si r\u00e9szleg folyamatosan dolgozik az alap technol\u00f3gia speci\u00e1lis kiterjeszt\u00e9s\u00e9n. A kutat\u00e1si k\u00f6zpont Budapesten tal\u00e1lhat\u00f3. A kutat\u00e1sok k\u00f6z\u00e9ppontj\u00e1ban az alapanyag speci\u00e1lis jellemz\u0151kkel val\u00f3 kieg\u00e9sz\u00edt\u00e9se \u00e1ll.AKTU\u00c1LIS KUTAT\u00c1S\/FEJLESZT\u00c9SKONT\u00c9NER TESZTEL\u00c9SA jelenleg zajl\u00f3 fejleszt\u00e9sek k\u00f6z\u00fcl a legfontosabb a GWR h\u0151szigetel\u0151 k\u00e9pess\u00e9g\u00e9nek prec\u00edzi\u00f3s tesztekkel t\u00f6rt\u00e9n\u0151 \u00fajb\u00f3li fel\u00fclvizsg\u00e1lata, meger\u0151s\u00edt\u00e9se, az ehhez sz\u00fcks\u00e9ges [&hellip;]<\/p>\n","protected":false},"author":1,"featured_media":0,"parent":0,"menu_order":0,"comment_status":"closed","ping_status":"closed","template":"","meta":{"_et_pb_use_builder":"on","_et_pb_old_content":"<!-- wp:divi\/placeholder \/-->","_et_gb_content_width":"","footnotes":""},"class_list":["post-19","page","type-page","status-publish","hentry"],"_links":{"self":[{"href":"https:\/\/hu.gwrnano.hu\/index.php\/wp-json\/wp\/v2\/pages\/19","targetHints":{"allow":["GET"]}}],"collection":[{"href":"https:\/\/hu.gwrnano.hu\/index.php\/wp-json\/wp\/v2\/pages"}],"about":[{"href":"https:\/\/hu.gwrnano.hu\/index.php\/wp-json\/wp\/v2\/types\/page"}],"author":[{"embeddable":true,"href":"https:\/\/hu.gwrnano.hu\/index.php\/wp-json\/wp\/v2\/users\/1"}],"replies":[{"embeddable":true,"href":"https:\/\/hu.gwrnano.hu\/index.php\/wp-json\/wp\/v2\/comments?post=19"}],"version-history":[{"count":10,"href":"https:\/\/hu.gwrnano.hu\/index.php\/wp-json\/wp\/v2\/pages\/19\/revisions"}],"predecessor-version":[{"id":217,"href":"https:\/\/hu.gwrnano.hu\/index.php\/wp-json\/wp\/v2\/pages\/19\/revisions\/217"}],"wp:attachment":[{"href":"https:\/\/hu.gwrnano.hu\/index.php\/wp-json\/wp\/v2\/media?parent=19"}],"curies":[{"name":"wp","href":"https:\/\/api.w.org\/{rel}","templated":true}]}}