{"id":21,"date":"2024-03-23T12:27:39","date_gmt":"2024-03-23T12:27:39","guid":{"rendered":"https:\/\/hu.gwrnano.hu\/?page_id=21"},"modified":"2024-04-18T13:25:55","modified_gmt":"2024-04-18T13:25:55","slug":"gwr-insulation","status":"publish","type":"page","link":"https:\/\/hu.gwrnano.hu\/index.php\/gwr-insulation\/","title":{"rendered":"GWR INSULATION"},"content":{"rendered":"<p>[et_pb_section fb_built=&#8221;1&#8243; _builder_version=&#8221;4.24.2&#8243; _module_preset=&#8221;default&#8221; use_background_color_gradient=&#8221;on&#8221; background_color_gradient_direction=&#8221;90deg&#8221; background_color_gradient_stops=&#8221;#149fda 0%|#0b2349 100%&#8221; custom_padding=&#8221;||30px|||&#8221; global_colors_info=&#8221;{}&#8221;][et_pb_row _builder_version=&#8221;4.24.2&#8243; _module_preset=&#8221;default&#8221; background_color=&#8221;#e7e7e6&#8243; width=&#8221;75%&#8221; max_width=&#8221;80%&#8221; custom_padding=&#8221;0px||||false|false&#8221; global_colors_info=&#8221;{}&#8221;][et_pb_column type=&#8221;4_4&#8243; _builder_version=&#8221;4.24.2&#8243; _module_preset=&#8221;default&#8221; global_colors_info=&#8221;{}&#8221;][et_pb_image src=&#8221;https:\/\/hu.gwrnano.hu\/wp-content\/uploads\/2024\/03\/gwr-nano-insulation-2048&#215;537-1.jpg&#8221; title_text=&#8221;gwr-nano-insulation-2048&#215;537&#8243; _builder_version=&#8221;4.24.2&#8243; _module_preset=&#8221;default&#8221; global_colors_info=&#8221;{}&#8221;][\/et_pb_image][et_pb_text _builder_version=&#8221;4.24.2&#8243; _module_preset=&#8221;default&#8221; header_font=&#8221;Montserrat|700|||||||&#8221; header_text_color=&#8221;#149eda&#8221; header_font_size=&#8221;35px&#8221; background_color=&#8221;#e7e7e6&#8243; custom_margin=&#8221;-39px||||false|false&#8221; custom_padding=&#8221;32px||15px|35px|false|false&#8221; hover_enabled=&#8221;0&#8243; global_colors_info=&#8221;{}&#8221; sticky_enabled=&#8221;0&#8243;]<\/p>\n<h1>GWR SZIGETEL\u00c9S<\/h1>\n<p>[\/et_pb_text][et_pb_text _builder_version=&#8221;4.24.2&#8243; _module_preset=&#8221;default&#8221; text_font=&#8221;Montserrat|700|||||||&#8221; text_text_color=&#8221;#0b244a&#8221; text_font_size=&#8221;17px&#8221; text_line_height=&#8221;1.5em&#8221; background_color=&#8221;#e7e7e6&#8243; custom_margin=&#8221;-50px||||false|false&#8221; custom_padding=&#8221;23px|28px|33px|35px|false|false&#8221; global_colors_info=&#8221;{}&#8221;]<\/p>\n<p>A GWR technol\u00f3gia gyors\u00edtja a munk\u00e1t, kik\u00fcsz\u00f6b\u00f6li a min\u0151s\u00e9gi probl\u00e9m\u00e1kat \u00e9s cs\u00f6kkenti a b\u00e9reket.<\/p>\n<p>[\/et_pb_text][\/et_pb_column][\/et_pb_row][\/et_pb_section][et_pb_section fb_built=&#8221;1&#8243; _builder_version=&#8221;4.24.2&#8243; _module_preset=&#8221;default&#8221; background_color=&#8221;#e7e7e6&#8243; custom_padding=&#8221;5px||2px|||&#8221; global_colors_info=&#8221;{}&#8221;][et_pb_row _builder_version=&#8221;4.24.2&#8243; _module_preset=&#8221;default&#8221; global_colors_info=&#8221;{}&#8221;][et_pb_column type=&#8221;4_4&#8243; _builder_version=&#8221;4.24.2&#8243; _module_preset=&#8221;default&#8221; global_colors_info=&#8221;{}&#8221;][et_pb_text _builder_version=&#8221;4.24.2&#8243; _module_preset=&#8221;default&#8221; header_font=&#8221;Montserrat|700|||||||&#8221; header_text_color=&#8221;#149eda&#8221; header_font_size=&#8221;35px&#8221; background_color=&#8221;#e7e7e6&#8243; custom_margin=&#8221;||25px|||&#8221; global_colors_info=&#8221;{}&#8221;]<\/p>\n<h1>SZ\u00dcKS\u00c9G\u00c1LLAPOT 2020<\/h1>\n<p>[\/et_pb_text][et_pb_divider color=&#8221;#149fda&#8221; divider_weight=&#8221;7px&#8221; _builder_version=&#8221;4.24.2&#8243; _module_preset=&#8221;default&#8221; width=&#8221;25%&#8221; custom_margin=&#8221;-18px||0px||false|false&#8221; global_colors_info=&#8221;{}&#8221;][\/et_pb_divider][et_pb_text _builder_version=&#8221;4.24.2&#8243; _module_preset=&#8221;default&#8221; text_font=&#8221;Montserrat||||||||&#8221; text_text_color=&#8221;#0b2349&#8243; text_font_size=&#8221;18px&#8221; text_line_height=&#8221;1.4em&#8221; global_colors_info=&#8221;{}&#8221;]<\/p>\n<p>Az eg\u00e9sz vil\u00e1gon jelent\u0151s v\u00e1ltoz\u00e1sok mennek v\u00e9gbe jelenleg! A l\u00e1thatatlan, alattomos ellens\u00e9ggel szembeni harc hossz\u00fa id\u0151re nyomot hagy majd a gazdas\u00e1gi \u00e9letben. A COVID-19 v\u00edrus okozta v\u00e1ls\u00e1g id\u0151szaka olyan \u00faj elemeket hoz be a gazdas\u00e1gi szerepl\u0151k \u00e9let\u00e9be, melyek \u00faj szolg\u00e1ltat\u00e1sok, \u00faj term\u00e9kek ir\u00e1nti ig\u00e9nyeket alak\u00edtanak ki, vagy a m\u00e1r megl\u00e9v\u0151kkel szemben t\u00e1masztanak \u00faj elv\u00e1r\u00e1sokat. Vannak olyan \u00e1gazatok, melyeket m\u00e9ly\u00e9ben \u00e9rint az \u00e1talakul\u00e1s, \u00e9s vannak olyanok is, akiket fel\u00fcletesebben t\u00e1mad meg. K\u00f6z\u00f6s jellemz\u0151 az \u00e1talakul\u00e1sokban, hogy az emberi munkaer\u0151 kiv\u00e1lt\u00e1sa, lecser\u00e9l\u00e9se komoly f\u00f3kuszba ker\u00fcl. Nem \u00faj a helyzet, hiszen a profitk\u00f6zpont\u00fa, a hat\u00e9konys\u00e1gra koncentr\u00e1l\u00f3 \u00fczletemberek sz\u00e1m\u00e1ra ez a folyamat eddig is k\u00edv\u00e1natos volt, viszont a j\u00f6v\u0151ben a v\u00e1ltoz\u00e1s \u00e9s a hum\u00e1n er\u0151forr\u00e1st k\u00edm\u00e9l\u0151 megold\u00e1sok t\u00e9rnyer\u00e9se sokkal intenz\u00edvebb\u00e9 v\u00e1lik. A GWR nanotechnol\u00f3gia ezt az ir\u00e1nyt k\u00e9pviseli.<\/p>\n<p>[\/et_pb_text][\/et_pb_column][\/et_pb_row][\/et_pb_section][et_pb_section fb_built=&#8221;1&#8243; _builder_version=&#8221;4.24.2&#8243; _module_preset=&#8221;default&#8221; custom_padding=&#8221;0px||16px|||&#8221; global_colors_info=&#8221;{}&#8221;][et_pb_row _builder_version=&#8221;4.24.2&#8243; _module_preset=&#8221;default&#8221; global_colors_info=&#8221;{}&#8221;][et_pb_column type=&#8221;4_4&#8243; _builder_version=&#8221;4.24.2&#8243; _module_preset=&#8221;default&#8221; global_colors_info=&#8221;{}&#8221;][et_pb_text _builder_version=&#8221;4.24.2&#8243; _module_preset=&#8221;default&#8221; header_font=&#8221;Montserrat|700|||||||&#8221; header_text_color=&#8221;#149eda&#8221; header_font_size=&#8221;35px&#8221; background_color=&#8221;#FFFFFF&#8221; global_colors_info=&#8221;{}&#8221;]<\/p>\n<h1>EREDETI PIACI \u00c1LLAPOTOK<\/h1>\n<p>[\/et_pb_text][et_pb_divider color=&#8221;#149fda&#8221; divider_weight=&#8221;7px&#8221; _builder_version=&#8221;4.24.2&#8243; _module_preset=&#8221;default&#8221; width=&#8221;25%&#8221; custom_margin=&#8221;-18px||0px||false|false&#8221; global_colors_info=&#8221;{}&#8221;][\/et_pb_divider][et_pb_text _builder_version=&#8221;4.24.2&#8243; _module_preset=&#8221;default&#8221; text_font=&#8221;Montserrat||||||||&#8221; text_text_color=&#8221;#0b2349&#8243; text_font_size=&#8221;18px&#8221; text_line_height=&#8221;1.4em&#8221; global_colors_info=&#8221;{}&#8221;]<\/p>\n<p>Az \u00e9p\u00edt\u0151iparban \u00e9vtizedek \u00f3ta komoly energi\u00e1kat mozg\u00f3s\u00edtanak az\u00e9rt, hogy a sokszor kisz\u00e1m\u00edthatatlan, min\u0151s\u00e9gben \u00e9s mennyis\u00e9gben stabilan nem tervezhet\u0151 munkaer\u0151t a lehet\u0151 legnagyobb m\u00e9rt\u00e9kben ki tudj\u00e1k v\u00e1ltani. Ennek h\u00e1rom f\u0151bb ir\u00e1nyelv\u00e9t k\u00fcl\u00f6nb\u00f6ztethetj\u00fck meg \u00e1ltal\u00e1ban a nemzetk\u00f6zi gazdas\u00e1gban. Az egyik elv a min\u00e9l hat\u00e1rozottabb menedzsment munk\u00e1ra koncentr\u00e1l, \u00e9s a munkaer\u0151 megfelel\u0151 szervez\u00e9s\u00e9vel, ellen\u0151rz\u00e9s\u00e9vel motiv\u00e1lja a k\u00edv\u00e1natos eredm\u00e9nyek el\u00e9r\u00e9s\u00e9t. A m\u00e1sik ir\u00e1ny az automatiz\u00e1l\u00e1si megold\u00e1sok, ahol a munkaer\u0151-sz\u00fcks\u00e9gletet g\u00e9pekkel, a folyamatok automatiz\u00e1l\u00e1s\u00e1val cs\u00f6kkentik. A harmadik \u00e9s egyben legmodernebb ir\u00e1ny, amikor olyan \u00faj technol\u00f3gi\u00e1kat alkalmaznak, melyek alapvet\u0151en gyors\u00edtj\u00e1k a kivitelez\u00e9st, k\u00f6nnyebb\u00e9 teszik a munk\u00e1t, egyszer\u0171s\u00edtik a felhaszn\u00e1l\u00e1st, \u00edgy id\u0151ben \u00e9s min\u0151s\u00e9gben is n\u00f6velik az egyszer\u0171 fizikai munka eredm\u00e9nyess\u00e9g\u00e9t. A GWR nanotechnol\u00f3gia ennek az ir\u00e1nynak a k\u00e9pvisel\u0151je. Install\u00e1ci\u00f3s folyamata egyszer\u0171s\u00edti, gyors\u00edtja a munk\u00e1t, ezzel jelent\u0151s m\u00e9rt\u00e9kben cs\u00f6kkenti a min\u0151s\u00e9gi probl\u00e9m\u00e1kat, illetve a munkab\u00e9r k\u00f6lts\u00e9geket, gyors\u00edtja a munk\u00e1t, vagyis komoly profitot termel a megrendel\u0151nek.<\/p>\n<p>[\/et_pb_text][\/et_pb_column][\/et_pb_row][\/et_pb_section]<\/p>\n","protected":false},"excerpt":{"rendered":"<p>GWR SZIGETEL\u00c9SA GWR technol\u00f3gia gyors\u00edtja a munk\u00e1t, kik\u00fcsz\u00f6b\u00f6li a min\u0151s\u00e9gi probl\u00e9m\u00e1kat \u00e9s cs\u00f6kkenti a b\u00e9reket.SZ\u00dcKS\u00c9G\u00c1LLAPOT 2020Az eg\u00e9sz vil\u00e1gon jelent\u0151s v\u00e1ltoz\u00e1sok mennek v\u00e9gbe jelenleg! A l\u00e1thatatlan, alattomos ellens\u00e9ggel szembeni harc hossz\u00fa id\u0151re nyomot hagy majd a gazdas\u00e1gi \u00e9letben. A COVID-19 v\u00edrus okozta v\u00e1ls\u00e1g id\u0151szaka olyan \u00faj elemeket hoz be a gazdas\u00e1gi szerepl\u0151k \u00e9let\u00e9be, melyek \u00faj szolg\u00e1ltat\u00e1sok, [&hellip;]<\/p>\n","protected":false},"author":1,"featured_media":0,"parent":0,"menu_order":0,"comment_status":"closed","ping_status":"closed","template":"","meta":{"_et_pb_use_builder":"on","_et_pb_old_content":"<!-- wp:divi\/placeholder \/-->","_et_gb_content_width":"","footnotes":""},"class_list":["post-21","page","type-page","status-publish","hentry"],"_links":{"self":[{"href":"https:\/\/hu.gwrnano.hu\/index.php\/wp-json\/wp\/v2\/pages\/21","targetHints":{"allow":["GET"]}}],"collection":[{"href":"https:\/\/hu.gwrnano.hu\/index.php\/wp-json\/wp\/v2\/pages"}],"about":[{"href":"https:\/\/hu.gwrnano.hu\/index.php\/wp-json\/wp\/v2\/types\/page"}],"author":[{"embeddable":true,"href":"https:\/\/hu.gwrnano.hu\/index.php\/wp-json\/wp\/v2\/users\/1"}],"replies":[{"embeddable":true,"href":"https:\/\/hu.gwrnano.hu\/index.php\/wp-json\/wp\/v2\/comments?post=21"}],"version-history":[{"count":8,"href":"https:\/\/hu.gwrnano.hu\/index.php\/wp-json\/wp\/v2\/pages\/21\/revisions"}],"predecessor-version":[{"id":216,"href":"https:\/\/hu.gwrnano.hu\/index.php\/wp-json\/wp\/v2\/pages\/21\/revisions\/216"}],"wp:attachment":[{"href":"https:\/\/hu.gwrnano.hu\/index.php\/wp-json\/wp\/v2\/media?parent=21"}],"curies":[{"name":"wp","href":"https:\/\/api.w.org\/{rel}","templated":true}]}}